{"id":2,"date":"2012-03-04T19:32:17","date_gmt":"2012-03-04T18:32:17","guid":{"rendered":"http:\/\/slottshyllan.se\/\/?page_id=2"},"modified":"2017-03-06T16:26:43","modified_gmt":"2017-03-06T15:26:43","slug":"about","status":"publish","type":"page","link":"https:\/\/slottshyllan.se\/","title":{"rendered":"V\u00e4lkommen"},"content":{"rendered":"<p>&nbsp;<\/p>\n<p><a href=\"http:\/\/slottshyllan.se\/wp-content\/uploads\/2012\/03\/gurrakollage2.jpg\"><img loading=\"lazy\" class=\"alignnone size-large wp-image-667\" title=\"gurrakollage\" src=\"http:\/\/slottshyllan.se\/wp-content\/uploads\/2012\/03\/gurrakollage2-1024x227.jpg\" alt=\"\" width=\"640\" height=\"141\" srcset=\"https:\/\/slottshyllan.se\/wp-content\/uploads\/2012\/03\/gurrakollage2-1024x227.jpg 1024w, https:\/\/slottshyllan.se\/wp-content\/uploads\/2012\/03\/gurrakollage2-300x66.jpg 300w\" sizes=\"(max-width: 640px) 100vw, 640px\" \/><\/a><\/p>\n<p>I\u00a0Farsta slottsvik, som smiter in fr\u00e5n Baggensfj\u00e4rden genom ett smalt sund, ligger Slottshyllans 26 frik\u00f6pta fastigheter p\u00e5 Oxenstiernas v\u00e4g. Omr\u00e5det b\u00f6rjade byggas 1995, f\u00f6rsta inflyttningen skedde i februari 1996 och den sista etappen var klar f\u00f6r inflyttning i april 1996.<\/p>\n<p><a href=\"http:\/\/slottshyllan.se\/wp-content\/uploads\/2012\/03\/Slottshyllanx21.jpg\"><img loading=\"lazy\" class=\"alignright size-medium wp-image-670\" title=\"Slottshyllanx2\" src=\"http:\/\/slottshyllan.se\/wp-content\/uploads\/2012\/03\/Slottshyllanx21-213x300.jpg\" alt=\"\" width=\"213\" height=\"300\" srcset=\"https:\/\/slottshyllan.se\/wp-content\/uploads\/2012\/03\/Slottshyllanx21-213x300.jpg 213w, https:\/\/slottshyllan.se\/wp-content\/uploads\/2012\/03\/Slottshyllanx21.jpg 600w\" sizes=\"(max-width: 213px) 100vw, 213px\" \/><\/a><\/p>\n<p>Granne med Farsta slott fr\u00e5n 1621 och med stillsamma grusv\u00e4gar och h\u00e4sthagar har omr\u00e5det b\u00e5de karakt\u00e4r av samma g\u00e5ng gammal odlingsbygd som modernt bostadsomr\u00e5de.<\/p>\n<p>Slottshyllan \u00e4r ett av flera nya\u00a0omr\u00e5den som byggts kring det gamla Farsta slott, p\u00e5 marker som f\u00f6rut var slottstr\u00e4dg\u00e5rd, tr\u00e4dg\u00e5rdsodlingar,\u00a0beteshagar och\u00a0bostadshus f\u00f6r anst\u00e4llda vid Gustavsbergsfabrikerna.<\/p>\n<p>L\u00e4ngst in i viken ligger Gustavsberg, en bruksort som vuxit upp kring porslinsfabriken och hamnen. I hamnen samsas Porslinsmuseet, Gustavsbergs konsthall, fabrikens porslinstillverkning och f\u00f6rs\u00e4ljning, flera design- och porslinsbutiker med antikhandlare och andra aff\u00e4rer samt restauranger och kaf\u00e9er. I n\u00e5gra av de gamla fabriksbyggnaderna finns atelj\u00e9er vilket bidrar till ortens konstliv.<\/p>\n<p>Viken har ocks\u00e5 ett livligt b\u00e5tliv, d\u00e4r fritidsb\u00e5tar samsas med passagerar- och fraktrafik. Runt samh\u00e4llet finns stora betesarealer, fr\u00e5n fornkullen vid hamnen som betas av f\u00e5r fr\u00e5n L\u00e5ngarn\u00e4s g\u00e5rd, till stora hagar f\u00f6r kommunens m\u00e5nga h\u00e4star.<\/p>\n<p align=\"center\">\u2766<\/p>\n<p>V\u00e4rmd\u00f6 kommun med centralorten Gustavsberg \u00e4r i dag en av de snabbast v\u00e4xande kommunerna i Sverige.\u00a0 Namnet\u00a0V\u00e4rmd\u00f6\u00a0omn\u00e4mns 1314\u00a0som\u00a0<em>Wermdo.\u00a0<\/em>Ursprunget \u00e4r\u00a0de viktiga farvattnen i Vind\u00f6 str\u00f6mmar,\u00a0som h\u00f6ll sig \u00f6ppna l\u00e5ng tid vintertid, allts\u00e5 bokstavligen\u00a0<em>\u00d6n vid det v\u00e4rmda vattnet<\/em>.<\/p>\n","protected":false},"excerpt":{"rendered":"<p>&nbsp; I\u00a0Farsta slottsvik, som smiter in fr\u00e5n Baggensfj\u00e4rden genom ett smalt sund, ligger Slottshyllans 26 frik\u00f6pta fastigheter p\u00e5 Oxenstiernas v\u00e4g. Omr\u00e5det b\u00f6rjade byggas 1995, f\u00f6rsta inflyttningen skedde i februari 1996 och den sista etappen var klar f\u00f6r inflyttning i april &hellip; <a href=\"https:\/\/slottshyllan.se\/\">Forts\u00e4tt l\u00e4sa <span class=\"meta-nav\">&rarr;<\/span><\/a><\/p>\n","protected":false},"author":1,"featured_media":0,"parent":0,"menu_order":1,"comment_status":"closed","ping_status":"closed","template":"onecolumn-page.php","meta":[],"_links":{"self":[{"href":"https:\/\/slottshyllan.se\/index.php?rest_route=\/wp\/v2\/pages\/2"}],"collection":[{"href":"https:\/\/slottshyllan.se\/index.php?rest_route=\/wp\/v2\/pages"}],"about":[{"href":"https:\/\/slottshyllan.se\/index.php?rest_route=\/wp\/v2\/types\/page"}],"author":[{"embeddable":true,"href":"https:\/\/slottshyllan.se\/index.php?rest_route=\/wp\/v2\/users\/1"}],"replies":[{"embeddable":true,"href":"https:\/\/slottshyllan.se\/index.php?rest_route=%2Fwp%2Fv2%2Fcomments&post=2"}],"version-history":[{"count":84,"href":"https:\/\/slottshyllan.se\/index.php?rest_route=\/wp\/v2\/pages\/2\/revisions"}],"predecessor-version":[{"id":9,"href":"https:\/\/slottshyllan.se\/index.php?rest_route=\/wp\/v2\/pages\/2\/revisions\/9"}],"wp:attachment":[{"href":"https:\/\/slottshyllan.se\/index.php?rest_route=%2Fwp%2Fv2%2Fmedia&parent=2"}],"curies":[{"name":"wp","href":"https:\/\/api.w.org\/{rel}","templated":true}]}}