{"id":558,"date":"2012-03-24T18:42:17","date_gmt":"2012-03-24T17:42:17","guid":{"rendered":"http:\/\/slottshyllan.se\/?page_id=558"},"modified":"2023-05-07T17:58:53","modified_gmt":"2023-05-07T15:58:53","slug":"kontakt-2","status":"publish","type":"page","link":"https:\/\/slottshyllan.se\/?page_id=558","title":{"rendered":"Kontakt"},"content":{"rendered":"<p>Vill du komma i kontakt med Slottshyllans samf\u00e4llighetsf\u00f6rening, maila till ordf\u00f6randen Martin Glaumann, martin.glaumann@gmail.com<br \/>\nOm du bor i Slottshyllan hittar du kontaktuppgifter till styrelsen och dina grannar under fliken Medlemssidor.<\/p>\n<p>F\u00f6reningens organisationsnummer: 717901-8887<br \/>\nPlusgiro nr: 4619616-8<\/p>\n","protected":false},"excerpt":{"rendered":"<p>Vill du komma i kontakt med Slottshyllans samf\u00e4llighetsf\u00f6rening, maila till ordf\u00f6randen Martin Glaumann, martin.glaumann@gmail.com Om du bor i Slottshyllan hittar du kontaktuppgifter till styrelsen och dina grannar under fliken Medlemssidor. F\u00f6reningens organisationsnummer: 717901-8887 Plusgiro nr: 4619616-8<\/p>\n","protected":false},"author":1,"featured_media":0,"parent":0,"menu_order":60,"comment_status":"closed","ping_status":"closed","template":"onecolumn-page.php","meta":[],"_links":{"self":[{"href":"https:\/\/slottshyllan.se\/index.php?rest_route=\/wp\/v2\/pages\/558"}],"collection":[{"href":"https:\/\/slottshyllan.se\/index.php?rest_route=\/wp\/v2\/pages"}],"about":[{"href":"https:\/\/slottshyllan.se\/index.php?rest_route=\/wp\/v2\/types\/page"}],"author":[{"embeddable":true,"href":"https:\/\/slottshyllan.se\/index.php?rest_route=\/wp\/v2\/users\/1"}],"replies":[{"embeddable":true,"href":"https:\/\/slottshyllan.se\/index.php?rest_route=%2Fwp%2Fv2%2Fcomments&post=558"}],"version-history":[{"count":14,"href":"https:\/\/slottshyllan.se\/index.php?rest_route=\/wp\/v2\/pages\/558\/revisions"}],"predecessor-version":[{"id":1301,"href":"https:\/\/slottshyllan.se\/index.php?rest_route=\/wp\/v2\/pages\/558\/revisions\/1301"}],"wp:attachment":[{"href":"https:\/\/slottshyllan.se\/index.php?rest_route=%2Fwp%2Fv2%2Fmedia&parent=558"}],"curies":[{"name":"wp","href":"https:\/\/api.w.org\/{rel}","templated":true}]}}